{"id":4420,"date":"2017-12-07T15:03:25","date_gmt":"2017-12-07T15:03:25","guid":{"rendered":"https:\/\/geminus-qhom.com\/home-01\/"},"modified":"2017-12-07T15:03:25","modified_gmt":"2017-12-07T15:03:25","slug":"home-01","status":"publish","type":"page","link":"https:\/\/geminus-qhom.com\/en\/","title":{"rendered":"Geminus Home Page"},"content":{"rendered":"<div class=\"wpb-content-wrapper\"><p>[vc_row simple_background_color=&#8221;#121e2d&#8221;][vc_column][rev_slider_vc alias=&#8221;startup-home&#8221; enable_paspartu=&#8221;no&#8221;][\/vc_column][\/vc_row][vc_row row_content_width=&#8221;grid&#8221; css=&#8221;.vc_custom_1573905838448{padding-top: 162px !important;padding-bottom: 85px !important;}&#8221; anchor=&#8221;servicios&#8221;][vc_column width=&#8221;1\/2&#8243; offset=&#8221;vc_col-lg-6 vc_col-md-12&#8243;]<div class=\"qodef-iwt clearfix  qodef-iwt-icon-left  qodef-iwt-icon-small\">\n    \n    <div class=\"qodef-iwt-icon\">\n                    <span class=\"qodef-icon-animation-holder\" >\n    <span class=\"qodef-icon-shortcode qodef-gradient-vertical  qodef-icon-animation qodef-icon-small \"  >\n                    <i class=\"qodef-icon-dripicons dripicon dripicons-help qodef-icon-element qodef-gradient-vertical-text\" style=\"\" ><\/i>                    <span class=\"qodef-gradient-circle-background\"><\/span>\n    <\/span>\n        <\/span>\n        \n            <\/div>\n\n    <div class=\"qodef-iwt-content\" >\n                <h4        class=\"qodef-iwt-title\" >\n            <span class=\"qodef-iwt-title-text\">Software Factory<\/span>\n        <\/h4>\n                            <p class=\"qodef-iwt-text\" >Divisi\u00f3n encargada de proyectos de desarrollos de software a medida, donde la vasta experiencia en diferentes industrias hace que la divisi\u00f3n cuente con gran experiencia de campo y recursos altamente calificados en tecnolog\u00edas de punta.<\/p>\n            <\/div>\n\n    <\/div>[vc_empty_space height=&#8221;67px&#8221;]<div class=\"qodef-iwt clearfix  qodef-iwt-icon-left  qodef-iwt-icon-small\">\n    \n    <div class=\"qodef-iwt-icon\">\n                    <span class=\"qodef-icon-animation-holder\" style=\"-webkit-transition-delay: 200ms;-moz-transition-delay: 200ms;transition-delay: 200ms\">\n    <span class=\"qodef-icon-shortcode qodef-gradient-vertical  qodef-icon-animation qodef-icon-small \"  data-animation-delay=\"200\">\n                    <i class=\"qodef-icon-ion-icon ion-ios-people qodef-icon-element qodef-gradient-vertical-text\" style=\"\" ><\/i>                    <span class=\"qodef-gradient-circle-background\"><\/span>\n    <\/span>\n        <\/span>\n        \n            <\/div>\n\n    <div class=\"qodef-iwt-content\" >\n                <h4        class=\"qodef-iwt-title\" >\n            <span class=\"qodef-iwt-title-text\">Outsourcing<\/span>\n        <\/h4>\n                            <p class=\"qodef-iwt-text\" >Divisi\u00f3n encargada de la tercerizaci\u00f3n de recursos de IT, tanto a nivel de programaci\u00f3n (aumento de equipo local), como de QA (Testing y automatizaci\u00f3n) como as\u00ed tambi\u00e9n de la gesti\u00f3n completa del proyecto (L\u00edder de proyecto + programaci\u00f3n + testing).<\/p>\n            <\/div>\n\n    <\/div>[vc_empty_space height=&#8221;67px&#8221;][\/vc_column][vc_column width=&#8221;1\/2&#8243; offset=&#8221;vc_col-lg-6 vc_col-md-12&#8243;]<div class=\"qodef-iwt clearfix  qodef-iwt-icon-left  qodef-iwt-icon-small\">\n    \n    <div class=\"qodef-iwt-icon\">\n                    <span class=\"qodef-icon-animation-holder\" style=\"-webkit-transition-delay: 200ms;-moz-transition-delay: 200ms;transition-delay: 200ms\">\n    <span class=\"qodef-icon-shortcode qodef-gradient-vertical  qodef-icon-animation qodef-icon-small \"  data-animation-delay=\"200\">\n                    <i class=\"qodef-icon-dripicons dripicon dripicons-device-mobile qodef-icon-element qodef-gradient-vertical-text\" style=\"\" ><\/i>                    <span class=\"qodef-gradient-circle-background\"><\/span>\n    <\/span>\n        <\/span>\n        \n            <\/div>\n\n    <div class=\"qodef-iwt-content\" >\n                <h4        class=\"qodef-iwt-title\" >\n            <span class=\"qodef-iwt-title-text\">Aplicaciones M\u00f3viles<\/span>\n        <\/h4>\n                            <p class=\"qodef-iwt-text\" >La Divisi\u00f3n Surge como un desprendimiento de la divisi\u00f3n de software factory, con el&lt;br \/&gt;\nfin de la dedicaci\u00f3n exclusiva al desarrollo de aplicaciones para dispositivos m\u00f3viles (juegos y aplicaciones empresariales) tanto nativas como m\u00faltiplataformas.<\/p>\n            <\/div>\n\n    <\/div>[vc_empty_space height=&#8221;67px&#8221;]<div class=\"qodef-iwt clearfix  qodef-iwt-icon-left  qodef-iwt-icon-small\">\n    \n    <div class=\"qodef-iwt-icon\">\n                    <span class=\"qodef-icon-animation-holder\" style=\"-webkit-transition-delay: 400ms;-moz-transition-delay: 400ms;transition-delay: 400ms\">\n    <span class=\"qodef-icon-shortcode qodef-gradient-vertical  qodef-icon-animation qodef-icon-small \"  data-animation-delay=\"400\">\n                    <i class=\"qodef-icon-ion-icon ion-android-send qodef-icon-element qodef-gradient-vertical-text\" style=\"\" ><\/i>                    <span class=\"qodef-gradient-circle-background\"><\/span>\n    <\/span>\n        <\/span>\n        \n            <\/div>\n\n    <div class=\"qodef-iwt-content\" >\n                <h4        class=\"qodef-iwt-title\" >\n            <span class=\"qodef-iwt-title-text\">U-Muvit<\/span>\n        <\/h4>\n                            <p class=\"qodef-iwt-text\" >Divisi\u00f3n que trabaja en los proyectos I+D+i, con un alto grado de focalizaci\u00f3n y experiencia en el desarrollo de aplicaciones con tecnolog\u00eda de reconocimiento de&lt;br \/&gt;\nmovimientos - A su vez concentra los proyectos vinculados a IoT (Internet of Things).<\/p>\n            <\/div>\n\n    <\/div>[vc_empty_space height=&#8221;67px&#8221;][\/vc_column][\/vc_row][vc_row content_text_aligment=&#8221;center&#8221; css=&#8221;.vc_custom_1619639162988{padding-right: 2.1% !important;padding-left: 2.1% !important;}&#8221;][vc_column width=&#8221;1\/6&#8243;][\/vc_column][vc_column width=&#8221;2\/3&#8243;]<div class=\"qodef-video-button-holder  qodef-vb-has-img\">\n            <div class=\"qodef-video-button-image\">\n            <img loading=\"lazy\" decoding=\"async\" width=\"1381\" height=\"775\" src=\"https:\/\/geminus-qhom.com\/wp-content\/uploads\/2021\/04\/capture.jpg\" class=\"attachment-full size-full\" alt=\"\" srcset=\"https:\/\/geminus-qhom.com\/wp-content\/uploads\/2021\/04\/capture.jpg 1381w, https:\/\/geminus-qhom.com\/wp-content\/uploads\/2021\/04\/capture-300x168.jpg 300w, https:\/\/geminus-qhom.com\/wp-content\/uploads\/2021\/04\/capture-1024x575.jpg 1024w, https:\/\/geminus-qhom.com\/wp-content\/uploads\/2021\/04\/capture-768x431.jpg 768w, https:\/\/geminus-qhom.com\/wp-content\/uploads\/2021\/04\/capture-600x337.jpg 600w\" sizes=\"auto, (max-width: 1381px) 100vw, 1381px\" \/>        <\/div>\n                <a class=\"qodef-video-button-play\"            href=\"https:\/\/youtu.be\/TcSnm7swoE4\" target=\"_self\"\n           data-rel=\"prettyPhoto[video_button_pretty_photo_22]\">\n\t\t\t<span class=\"qodef-video-button-play-inner\">\n                <span class=\"qodef-video-button-play-icon\">\n                    <span class=\"fa fa-play\"><\/span>\n                <\/span>\n\t\t\t<\/span>\n        <\/a>\n    <\/div>[\/vc_column][vc_column width=&#8221;1\/6&#8243;][\/vc_column][\/vc_row][vc_row disable_element=&#8221;yes&#8221; disable_background_image=&#8221;&#8221; css=&#8221;.vc_custom_1619638831554{padding-top: 50px !important;padding-bottom: 50px !important;}&#8221; simple_background_image=&#8221;3684&#8243;][vc_column width=&#8221;2\/3&#8243; offset=&#8221;vc_col-lg-5 vc_col-md-8&#8243;]<div class=\"qodef-elements-holder   qodef-one-column  qodef-responsive-mode-768 \" ><div class=\"qodef-eh-item    \"  data-item-class=\"qodef-eh-custom-4970\" data-1280-1600=\"21% 14% 0 20%\" data-1024-1280=\"16% 15% 0 10%\" data-768-1024=\"17% 27% 20% 15%\" data-680-768=\"25% 6% 20% 15%\" data-680=\"22% 5% 43% 10%\">\n\t<div class=\"qodef-eh-item-inner\">\n\t\t<div class=\"qodef-eh-item-content qodef-eh-custom-4970\" style=\"padding: 26% 10% 0 40%\">\n\t\t\t<div class=\"qodef-section-title-holder  qodef-st-standard qodef-st-title-left qodef-st-normal-space \" style=\"text-align: left\">\n\t<div class=\"qodef-st-inner\">\n                    <h6 class=\"qodef-label\">\n                <span  class=\"qodef-label-line\"><\/span>\n                <span  class=\"qodef-label-text\">Features<\/span>\n            <\/h6>\n        \t\t\t<h3 class=\"qodef-st-title\" >\n\t\t\t\tCreate Your Own Genuine Web\t\t\t<\/h3>\n\t\t\t\t\t\t\t<p class=\"qodef-st-text\" >\n\t\t\t\tLorem ipsum dolor sit amet, consectetuer adipiscing elit, sed diam nonummy nibhie euismod tincidunt ut laoreet\t\t\t<\/p>\n\t\t\t<\/div>\n<\/div>[vc_empty_space height=&#8221;31px&#8221;]<a itemprop=\"url\" href=\"http:\/\/synergia.select-themes.com\/new-apps-fresh-ideas\/\" target=\"_self\"\n    style=\"background-color: #00ebb4\"\tclass=\"qodef-btn qodef-btn-medium qodef-btn-animated_solid qodef-btn-custom-hover-bg\"    data-hover-bg-color=\"#01f8be\"     >\n\n    <span class=\"qodef-btn-text\">See More<\/span>\n\n    \n     \n        <span class=\"qodef-btn-overlay\" ><\/span>\n    \n    <\/a>\t\t<\/div>\n\t<\/div>\n<\/div><\/div>[\/vc_column][vc_column css=&#8221;.vc_custom_1512990093258{padding-right: 5% !important;padding-left: 5% !important;}&#8221; offset=&#8221;vc_col-lg-7 vc_col-md-12&#8243;]<div class=\"qodef-single-image-holder   \">\n    <div class=\"qodef-si-inner\" >\n                                                            <\/div>\n<\/div>[\/vc_column][\/vc_row][vc_row row_content_width=&#8221;grid&#8221; disable_background_image=&#8221;&#8221; content_text_aligment=&#8221;center&#8221; css=&#8221;.vc_custom_1574304694704{padding-top: 154px !important;}&#8221; simple_background_image=&#8221;3512&#8243; anchor=&#8221;trabajos&#8221;][vc_column][vc_custom_heading text=&#8221;Proyectos Destacados&#8221; font_container=&#8221;tag:h3|text_align:center&#8221; google_fonts=&#8221;font_family:Montserrat%3Aregular%2C700|font_style:400%20regular%3A400%3Anormal&#8221;]<div class=\"qodef-portfolio-list-holder qodef-pl-masonry qodef-normal-space qodef-pl-four-columns qodef-pl-gallery-overlay qodef-pl-images-fixed   qodef-pl-pag-no-pagination     \"  data-type=masonry data-number-of-columns=4 data-space-between-items=normal data-number-of-items=-1 data-image-proportions=full data-enable-fixed-proportions=yes data-enable-image-shadow=no data-category=desarrollo data-orderby=date data-order=ASC data-item-style=gallery-overlay data-enable-title=yes data-title-tag=h4 data-enable-category=yes data-enable-count-images=yes data-enable-excerpt=no data-excerpt-length=20 data-pagination-type=no-pagination data-filter=no data-filter-order-by=name data-enable-article-animation=no data-portfolio-slider-on=no data-enable-loop=yes data-enable-autoplay=yes data-slider-speed=5000 data-slider-speed-animation=600 data-enable-navigation=yes data-enable-auto-width=no data-enable-pagination=yes data-max-num-pages=0 data-next-page=2>\n\t\t<div class=\"qodef-pl-inner qodef-outer-space clearfix\">\n\t\t<div class=\"qodef-pl-grid-sizer\"><\/div>\n\t\t<div class=\"qodef-pl-grid-gutter\"><\/div>\n\t\t<article class=\"qodef-pl-item qodef-item-space qodef-pl-masonry-default post-4445 portfolio-item type-portfolio-item status-publish has-post-thumbnail hentry portfolio-category-desarrollo-en\">\n\t<div class=\"qodef-pl-item-inner\">\n\t\t<div class=\"qodef-pli-image\">\n\t<img loading=\"lazy\" decoding=\"async\" width=\"550\" height=\"550\" src=\"https:\/\/geminus-qhom.com\/wp-content\/uploads\/2019\/12\/LUBRISIDER_laboratori-550x550.jpg\" class=\"attachment-synergia_select_square size-synergia_select_square wp-post-image\" alt=\"\" srcset=\"https:\/\/geminus-qhom.com\/wp-content\/uploads\/2019\/12\/LUBRISIDER_laboratori-550x550.jpg 550w, https:\/\/geminus-qhom.com\/wp-content\/uploads\/2019\/12\/LUBRISIDER_laboratori-150x150.jpg 150w, https:\/\/geminus-qhom.com\/wp-content\/uploads\/2019\/12\/LUBRISIDER_laboratori-300x300.jpg 300w, https:\/\/geminus-qhom.com\/wp-content\/uploads\/2019\/12\/LUBRISIDER_laboratori-100x100.jpg 100w\" sizes=\"auto, (max-width: 550px) 100vw, 550px\" \/><\/div>\n<div class=\"qodef-pli-text-holder\">\n\t<div class=\"qodef-pli-text-wrapper\">\n\t\t<div class=\"qodef-pli-text\">\n\t\t\t\t<h4 itemprop=\"name\" class=\"qodef-pli-title entry-title\" >\n        <a itemprop=\"url\" class=\"qodef-pli-title-link\" href=\"https:\/\/geminus-qhom.com\/en\/portfolio-item\/desarrollo-laboratorios\/\" target=\"_self\">\n            DESARROLLO LABORATORIOS        <\/a>\n\t<\/h4>\n\n\t\t\t\t\t<div class=\"qodef-pli-category-holder\">\n\t\t\t\t\t\t\t<a itemprop=\"url\" class=\"qodef-pli-category\" href=\"https:\/\/geminus-qhom.com\/en\/portfolio-category\/desarrollo-en\/\">Development<\/a>\n\t\t\t\t\t<\/div>\n\t\n\t\t\t\t\t\t\n\t\t\t\t\t<\/div>\n\t<\/div>\n<\/div>\t\t<a itemprop=\"url\" class=\"qodef-pli-link qodef-block-drag-link\" href=\"https:\/\/geminus-qhom.com\/en\/portfolio-item\/desarrollo-laboratorios\/\" target=\"_self\"><\/a>\n\t<\/div>\n<\/article>\t<\/div>\n\t\n\t<\/div>[\/vc_column][\/vc_row][vc_row content_placement=&#8221;middle&#8221; css=&#8221;.vc_custom_1573908594401{padding-top: 56px !important;padding-bottom: 90px !important;background-color: #f6f6f6 !important;}&#8221; anchor=&#8221;clientes&#8221;][vc_column]<div class=\"qodef-clients-carousel-holder qodef-cc-hover-roll-over\">\n\t<div class=\"qodef-cc-inner qodef-owl-slider\" data-number-of-items=\"5\" data-enable-loop=\"yes\" data-enable-autoplay=\"yes\" data-slider-speed=\"5000\" data-slider-speed-animation=\"600\" data-enable-navigation=\"yes\" data-enable-pagination=\"no\">\n\t\t<div class=\"qodef-cc-item\">\n\t\t\t<a itemprop=\"url\" class=\"qodef-cc-link qodef-block-drag-link\" href=\"#\" target=\"_self\">\n\t\t\t\t\t\t<img decoding=\"async\" itemprop=\"image\" class=\"qodef-cc-image\" src=\"https:\/\/geminus-qhom.com\/wp-content\/uploads\/2021\/04\/lubrisider.png\" alt=\"\" \/>\n\t\t\t\t\t\t\t<img decoding=\"async\" itemprop=\"image\" class=\"qodef-cc-hover-image\" src=\"https:\/\/geminus-qhom.com\/wp-content\/uploads\/2021\/04\/lubrisider.png\" alt=\"\" \/>\n\t\t\t\t\t<\/a>\n\t<\/div><div class=\"qodef-cc-item\">\n\t\t\t<a itemprop=\"url\" class=\"qodef-cc-link qodef-block-drag-link\" href=\"#\" target=\"_self\">\n\t\t\t\t\t\t<img decoding=\"async\" itemprop=\"image\" class=\"qodef-cc-image\" src=\"https:\/\/geminus-qhom.com\/wp-content\/uploads\/2021\/04\/Municipalidad-de-cordoba-e1619813733410.jpg\" alt=\"\" \/>\n\t\t\t\t\t\t\t<img decoding=\"async\" itemprop=\"image\" class=\"qodef-cc-hover-image\" src=\"https:\/\/geminus-qhom.com\/wp-content\/uploads\/2021\/04\/Municipalidad-de-cordoba-e1619813733410.jpg\" alt=\"\" \/>\n\t\t\t\t\t<\/a>\n\t<\/div><div class=\"qodef-cc-item\">\n\t\t\t<a itemprop=\"url\" class=\"qodef-cc-link qodef-block-drag-link\" href=\"#\" target=\"_self\">\n\t\t\t\t\t\t<img decoding=\"async\" itemprop=\"image\" class=\"qodef-cc-image\" src=\"https:\/\/geminus-qhom.com\/wp-content\/uploads\/2021\/04\/incompany-e1619813847279.png\" alt=\"\" \/>\n\t\t\t\t\t\t\t<img decoding=\"async\" itemprop=\"image\" class=\"qodef-cc-hover-image\" src=\"https:\/\/geminus-qhom.com\/wp-content\/uploads\/2021\/04\/incompany-e1619813847279.png\" alt=\"\" \/>\n\t\t\t\t\t<\/a>\n\t<\/div><div class=\"qodef-cc-item\">\n\t\t\t<a itemprop=\"url\" class=\"qodef-cc-link qodef-block-drag-link\" href=\"#\" target=\"_self\">\n\t\t\t\t\t\t<img decoding=\"async\" itemprop=\"image\" class=\"qodef-cc-image\" src=\"https:\/\/geminus-qhom.com\/wp-content\/uploads\/2021\/04\/FCA.png\" alt=\"\" \/>\n\t\t\t\t\t\t\t<img decoding=\"async\" itemprop=\"image\" class=\"qodef-cc-hover-image\" src=\"https:\/\/geminus-qhom.com\/wp-content\/uploads\/2021\/04\/FCA.png\" alt=\"\" \/>\n\t\t\t\t\t<\/a>\n\t<\/div><div class=\"qodef-cc-item\">\n\t\t\t<a itemprop=\"url\" class=\"qodef-cc-link qodef-block-drag-link\" href=\"#\" target=\"_self\">\n\t\t\t\t\t\t<img decoding=\"async\" itemprop=\"image\" class=\"qodef-cc-image\" src=\"https:\/\/geminus-qhom.com\/wp-content\/uploads\/2021\/04\/Colven.png\" alt=\"\" \/>\n\t\t\t\t\t\t\t<img decoding=\"async\" itemprop=\"image\" class=\"qodef-cc-hover-image\" src=\"https:\/\/geminus-qhom.com\/wp-content\/uploads\/2021\/04\/Colven.png\" alt=\"\" \/>\n\t\t\t\t\t<\/a>\n\t<\/div><div class=\"qodef-cc-item\">\n\t\t\t<a itemprop=\"url\" class=\"qodef-cc-link qodef-block-drag-link\" href=\"#\" target=\"_self\">\n\t\t\t\t\t\t<img decoding=\"async\" itemprop=\"image\" class=\"qodef-cc-image\" src=\"https:\/\/geminus-qhom.com\/wp-content\/uploads\/2021\/04\/Alladio-2.png\" alt=\"\" \/>\n\t\t\t\t\t\t\t<img decoding=\"async\" itemprop=\"image\" class=\"qodef-cc-hover-image\" src=\"https:\/\/geminus-qhom.com\/wp-content\/uploads\/2021\/04\/Alladio-2.png\" alt=\"\" \/>\n\t\t\t\t\t<\/a>\n\t<\/div><div class=\"qodef-cc-item\">\n\t\t\t<a itemprop=\"url\" class=\"qodef-cc-link qodef-block-drag-link\" href=\"#\" target=\"_self\">\n\t\t\t\t\t\t<img decoding=\"async\" itemprop=\"image\" class=\"qodef-cc-image\" src=\"https:\/\/geminus-qhom.com\/wp-content\/uploads\/2021\/04\/DoctorAromas.jpg\" alt=\"\" \/>\n\t\t\t\t\t\t\t<img decoding=\"async\" itemprop=\"image\" class=\"qodef-cc-hover-image\" src=\"https:\/\/geminus-qhom.com\/wp-content\/uploads\/2021\/04\/DoctorAromas.jpg\" alt=\"\" \/>\n\t\t\t\t\t<\/a>\n\t<\/div><div class=\"qodef-cc-item\">\n\t\t\t<a itemprop=\"url\" class=\"qodef-cc-link qodef-block-drag-link\" href=\"#\" target=\"_self\">\n\t\t\t\t\t\t<img decoding=\"async\" itemprop=\"image\" class=\"qodef-cc-image\" src=\"https:\/\/geminus-qhom.com\/wp-content\/uploads\/2021\/04\/Blumar-e1619815333707.jpg\" alt=\"\" \/>\n\t\t\t\t\t\t\t<img decoding=\"async\" itemprop=\"image\" class=\"qodef-cc-hover-image\" src=\"https:\/\/geminus-qhom.com\/wp-content\/uploads\/2021\/04\/Blumar-e1619815333707.jpg\" alt=\"\" \/>\n\t\t\t\t\t<\/a>\n\t<\/div><div class=\"qodef-cc-item\">\n\t\t\t<a itemprop=\"url\" class=\"qodef-cc-link qodef-block-drag-link\" href=\"#\" target=\"_self\">\n\t\t\t\t\t\t<img decoding=\"async\" itemprop=\"image\" class=\"qodef-cc-image\" src=\"https:\/\/geminus-qhom.com\/wp-content\/uploads\/2021\/04\/cnh-industrial-e1619815396214.png\" alt=\"\" \/>\n\t\t\t\t\t\t\t<img decoding=\"async\" itemprop=\"image\" class=\"qodef-cc-hover-image\" src=\"https:\/\/geminus-qhom.com\/wp-content\/uploads\/2021\/04\/cnh-industrial-e1619815396214.png\" alt=\"\" \/>\n\t\t\t\t\t<\/a>\n\t<\/div><div class=\"qodef-cc-item\">\n\t\t\t<a itemprop=\"url\" class=\"qodef-cc-link qodef-block-drag-link\" href=\"#\" target=\"_self\">\n\t\t\t\t\t\t<img decoding=\"async\" itemprop=\"image\" class=\"qodef-cc-image\" src=\"https:\/\/geminus-qhom.com\/wp-content\/uploads\/2021\/04\/Ministerio-de-transporte-de-la-nacion.png\" alt=\"\" \/>\n\t\t\t\t\t\t\t<img decoding=\"async\" itemprop=\"image\" class=\"qodef-cc-hover-image\" src=\"https:\/\/geminus-qhom.com\/wp-content\/uploads\/2021\/04\/Ministerio-de-transporte-de-la-nacion.png\" alt=\"\" \/>\n\t\t\t\t\t<\/a>\n\t<\/div><div class=\"qodef-cc-item\">\n\t\t\t<a itemprop=\"url\" class=\"qodef-cc-link qodef-block-drag-link\" href=\"#\" target=\"_self\">\n\t\t\t\t\t\t<img decoding=\"async\" itemprop=\"image\" class=\"qodef-cc-image\" src=\"https:\/\/geminus-qhom.com\/wp-content\/uploads\/2021\/04\/motmi-solo.png\" alt=\"\" \/>\n\t\t\t\t\t\t\t<img decoding=\"async\" itemprop=\"image\" class=\"qodef-cc-hover-image\" src=\"https:\/\/geminus-qhom.com\/wp-content\/uploads\/2021\/04\/motmi-solo.png\" alt=\"\" \/>\n\t\t\t\t\t<\/a>\n\t<\/div><div class=\"qodef-cc-item\">\n\t\t\t<a itemprop=\"url\" class=\"qodef-cc-link qodef-block-drag-link\" href=\"#\" target=\"_self\">\n\t\t\t\t\t\t<img decoding=\"async\" itemprop=\"image\" class=\"qodef-cc-image\" src=\"https:\/\/geminus-qhom.com\/wp-content\/uploads\/2021\/04\/PHI.jpg\" alt=\"\" \/>\n\t\t\t\t\t\t\t<img decoding=\"async\" itemprop=\"image\" class=\"qodef-cc-hover-image\" src=\"https:\/\/geminus-qhom.com\/wp-content\/uploads\/2021\/04\/PHI.jpg\" alt=\"\" \/>\n\t\t\t\t\t<\/a>\n\t<\/div><div class=\"qodef-cc-item\">\n\t\t\t<a itemprop=\"url\" class=\"qodef-cc-link qodef-block-drag-link\" href=\"#\" target=\"_self\">\n\t\t\t\t\t\t<img decoding=\"async\" itemprop=\"image\" class=\"qodef-cc-image\" src=\"https:\/\/geminus-qhom.com\/wp-content\/uploads\/2021\/04\/SIEC-e1619824049508.jpg\" alt=\"\" \/>\n\t\t\t\t\t\t\t<img decoding=\"async\" itemprop=\"image\" class=\"qodef-cc-hover-image\" src=\"https:\/\/geminus-qhom.com\/wp-content\/uploads\/2021\/04\/SIEC-e1619824049508.jpg\" alt=\"\" \/>\n\t\t\t\t\t<\/a>\n\t<\/div><div class=\"qodef-cc-item\">\n\t\t\t<a itemprop=\"url\" class=\"qodef-cc-link qodef-block-drag-link\" href=\"#\" target=\"_self\">\n\t\t\t\t\t\t<img decoding=\"async\" itemprop=\"image\" class=\"qodef-cc-image\" src=\"https:\/\/geminus-qhom.com\/wp-content\/uploads\/2021\/04\/vesel.png\" alt=\"\" \/>\n\t\t\t\t\t\t\t<img decoding=\"async\" itemprop=\"image\" class=\"qodef-cc-hover-image\" src=\"https:\/\/geminus-qhom.com\/wp-content\/uploads\/2021\/04\/vesel.png\" alt=\"\" \/>\n\t\t\t\t\t<\/a>\n\t<\/div><div class=\"qodef-cc-item\">\n\t\t\t<a itemprop=\"url\" class=\"qodef-cc-link qodef-block-drag-link\" href=\"#\" target=\"_self\">\n\t\t\t\t\t\t<img decoding=\"async\" itemprop=\"image\" class=\"qodef-cc-image\" src=\"https:\/\/geminus-qhom.com\/wp-content\/uploads\/2021\/04\/DBE.png\" alt=\"\" \/>\n\t\t\t\t\t\t\t<img decoding=\"async\" itemprop=\"image\" class=\"qodef-cc-hover-image\" src=\"https:\/\/geminus-qhom.com\/wp-content\/uploads\/2021\/04\/DBE.png\" alt=\"\" \/>\n\t\t\t\t\t<\/a>\n\t<\/div><div class=\"qodef-cc-item\">\n\t\t\t<a itemprop=\"url\" class=\"qodef-cc-link qodef-block-drag-link\" href=\"#\" target=\"_self\">\n\t\t\t\t\t\t<img decoding=\"async\" itemprop=\"image\" class=\"qodef-cc-image\" src=\"https:\/\/geminus-qhom.com\/wp-content\/uploads\/2021\/04\/Quantum-logo-e1619827304171.png\" alt=\"\" \/>\n\t\t\t\t\t\t\t<img decoding=\"async\" itemprop=\"image\" class=\"qodef-cc-hover-image\" src=\"https:\/\/geminus-qhom.com\/wp-content\/uploads\/2021\/04\/Quantum-logo-e1619827304171.png\" alt=\"\" \/>\n\t\t\t\t\t<\/a>\n\t<\/div><div class=\"qodef-cc-item\">\n\t\t\t<a itemprop=\"url\" class=\"qodef-cc-link qodef-block-drag-link\" href=\"#\" target=\"_self\">\n\t\t\t\t\t\t<img decoding=\"async\" itemprop=\"image\" class=\"qodef-cc-image\" src=\"https:\/\/geminus-qhom.com\/wp-content\/uploads\/2021\/04\/ProCordoba-e1619827686409.jpg\" alt=\"\" \/>\n\t\t\t\t\t\t\t<img decoding=\"async\" itemprop=\"image\" class=\"qodef-cc-hover-image\" src=\"https:\/\/geminus-qhom.com\/wp-content\/uploads\/2021\/04\/ProCordoba-e1619827686409.jpg\" alt=\"\" \/>\n\t\t\t\t\t<\/a>\n\t<\/div><div class=\"qodef-cc-item\">\n\t\t\t<a itemprop=\"url\" class=\"qodef-cc-link qodef-block-drag-link\" href=\"#\" target=\"_self\">\n\t\t\t\t\t\t<img decoding=\"async\" itemprop=\"image\" class=\"qodef-cc-image\" src=\"https:\/\/geminus-qhom.com\/wp-content\/uploads\/2021\/04\/STOP.png\" alt=\"\" \/>\n\t\t\t\t\t\t\t<img decoding=\"async\" itemprop=\"image\" class=\"qodef-cc-hover-image\" src=\"https:\/\/geminus-qhom.com\/wp-content\/uploads\/2021\/04\/STOP.png\" alt=\"\" \/>\n\t\t\t\t\t<\/a>\n\t<\/div><div class=\"qodef-cc-item\">\n\t\t\t<a itemprop=\"url\" class=\"qodef-cc-link qodef-block-drag-link\" href=\"#\" target=\"_self\">\n\t\t\t\t\t\t<img decoding=\"async\" itemprop=\"image\" class=\"qodef-cc-image\" src=\"https:\/\/geminus-qhom.com\/wp-content\/uploads\/2021\/04\/Energuate.png\" alt=\"\" \/>\n\t\t\t\t\t\t\t<img decoding=\"async\" itemprop=\"image\" class=\"qodef-cc-hover-image\" src=\"https:\/\/geminus-qhom.com\/wp-content\/uploads\/2021\/04\/Energuate.png\" alt=\"\" \/>\n\t\t\t\t\t<\/a>\n\t<\/div><div class=\"qodef-cc-item\">\n\t\t\t<a itemprop=\"url\" class=\"qodef-cc-link qodef-block-drag-link\" href=\"#\" target=\"_self\">\n\t\t\t\t\t\t<img decoding=\"async\" itemprop=\"image\" class=\"qodef-cc-image\" src=\"https:\/\/geminus-qhom.com\/wp-content\/uploads\/2021\/04\/Academia-arguello.png\" alt=\"\" \/>\n\t\t\t\t\t\t\t<img decoding=\"async\" itemprop=\"image\" class=\"qodef-cc-hover-image\" src=\"https:\/\/geminus-qhom.com\/wp-content\/uploads\/2021\/04\/Academia-arguello.png\" alt=\"\" \/>\n\t\t\t\t\t<\/a>\n\t<\/div>\t<\/div>\n<\/div>[\/vc_column][\/vc_row]<\/p>\n<\/div>","protected":false},"excerpt":{"rendered":"<p>[vc_row simple_background_color=&#8221;#121e2d&#8221;][vc_column][rev_slider_vc alias=&#8221;startup-home&#8221; enable_paspartu=&#8221;no&#8221;][\/vc_column][\/vc_row][vc_row row_content_width=&#8221;grid&#8221; css=&#8221;.vc_custom_1573905838448{padding-top: 162px !important;padding-bottom: 85px !important;}&#8221; anchor=&#8221;servicios&#8221;][vc_column width=&#8221;1\/2&#8243; offset=&#8221;vc_col-lg-6 vc_col-md-12&#8243;][vc_empty_space height=&#8221;67px&#8221;][vc_empty_space height=&#8221;67px&#8221;][\/vc_column][vc_column width=&#8221;1\/2&#8243; offset=&#8221;vc_col-lg-6 vc_col-md-12&#8243;][vc_empty_space height=&#8221;67px&#8221;][vc_empty_space height=&#8221;67px&#8221;][\/vc_column][\/vc_row][vc_row content_text_aligment=&#8221;center&#8221; css=&#8221;.vc_custom_1619639162988{padding-right: 2.1% !important;padding-left: 2.1% !important;}&#8221;][vc_column width=&#8221;1\/6&#8243;][\/vc_column][vc_column width=&#8221;2\/3&#8243;][\/vc_column][vc_column width=&#8221;1\/6&#8243;][\/vc_column][\/vc_row][vc_row disable_element=&#8221;yes&#8221; disable_background_image=&#8221;&#8221; css=&#8221;.vc_custom_1619638831554{padding-top: 50px !important;padding-bottom: 50px !important;}&#8221; simple_background_image=&#8221;3684&#8243;][vc_column width=&#8221;2\/3&#8243; offset=&#8221;vc_col-lg-5 [&hellip;]<\/p>\n","protected":false},"author":1,"featured_media":0,"parent":0,"menu_order":0,"comment_status":"closed","ping_status":"closed","template":"full-width.php","meta":{"nf_dc_page":"","footnotes":""},"class_list":["post-4420","page","type-page","status-publish","hentry"],"_links":{"self":[{"href":"https:\/\/geminus-qhom.com\/en\/wp-json\/wp\/v2\/pages\/4420","targetHints":{"allow":["GET"]}}],"collection":[{"href":"https:\/\/geminus-qhom.com\/en\/wp-json\/wp\/v2\/pages"}],"about":[{"href":"https:\/\/geminus-qhom.com\/en\/wp-json\/wp\/v2\/types\/page"}],"author":[{"embeddable":true,"href":"https:\/\/geminus-qhom.com\/en\/wp-json\/wp\/v2\/users\/1"}],"replies":[{"embeddable":true,"href":"https:\/\/geminus-qhom.com\/en\/wp-json\/wp\/v2\/comments?post=4420"}],"version-history":[{"count":0,"href":"https:\/\/geminus-qhom.com\/en\/wp-json\/wp\/v2\/pages\/4420\/revisions"}],"wp:attachment":[{"href":"https:\/\/geminus-qhom.com\/en\/wp-json\/wp\/v2\/media?parent=4420"}],"curies":[{"name":"wp","href":"https:\/\/api.w.org\/{rel}","templated":true}]}}